{"id":309,"date":"2017-11-09T15:15:05","date_gmt":"2017-11-09T20:15:05","guid":{"rendered":"http:\/\/wp-master-powergo.eliappwordpress1sto.elisys-servers.ca\/?page_id=309"},"modified":"2025-07-15T13:22:12","modified_gmt":"2025-07-15T17:22:12","slug":"motocyclettes","status":"publish","type":"page","link":"https:\/\/www.andrehalle.com\/fr\/motocyclettes\/","title":{"rendered":"Motocyclettes neuves"},"content":{"rendered":"<p>Andr\u00e9 Hall\u00e9 et Fils est fier de vous offrir la cr\u00e8me de la cr\u00e8me des <strong>v\u00e9hicules de sport motoris\u00e9 neufs<\/strong>! \u00c0 tout moment de l\u2019ann\u00e9e, parcourez la plus grande s\u00e9lection de bolides qui combleront toutes vos envies d\u2019aventure!<\/p>\n<div class=\"textMore\">\n<p>Prenez d\u2019assaut les routes du Qu\u00e9bec \u00e0 bord d\u2019une <strong>motocyclette neuve Honda<\/strong>, <strong>KTM<\/strong>, <strong>Harley-Davidson<\/strong> ou <strong>Kawasaki<\/strong>. \u00c9patez la galerie lors de vos prochaines escapades \u00e0 bord de votre <a href=\"https:\/\/www.andrehalle.com\/fr\/vtt\/\">VTT<\/a> ou de votre <a href=\"https:\/\/www.andrehalle.com\/fr\/motoneiges\/\">motoneige<\/a>. Vos d\u00e9placements en ville ne seront plus jamais pareils \u00e0 bord d\u2019une <a href=\"https:\/\/www.andrehalle.com\/fr\/motocyclettes-3-roues\/\">moto \u00e0 3 roues<\/a> <strong>Can-Am<\/strong> ou <strong>Honda<\/strong>. Vous avez le pied marin? Parcourez notre choix de <a href=\"https:\/\/www.andrehalle.com\/fr\/motomarines\/\">motomarines<\/a> <strong>Sea-Doo<\/strong> et de <a href=\"https:\/\/www.andrehalle.com\/fr\/bateaux\/\">bateaux<\/a> <strong>Alumacraft<\/strong> et <strong>Legend<\/strong>.<\/p>\n<p>Consultez nos <a href=\"https:\/\/www.andrehalle.com\/fr\/promotions\/\">promotions<\/a> du moment et trouvez-y une offre ou un rabais qui fera votre affaire!<\/p>\n<p>Pour toute question, <a href=\"https:\/\/www.andrehalle.com\/fr\/contact\/\">communiquez avec nos professionnels<\/a>! Ils sauront vous conseiller et vous guider vers le meilleur choix pour vous. En tout temps, passez nous voir en concession chez <strong>Andr\u00e9 Hall\u00e9 et Fils \u00e0 Rimouski<\/strong>, <strong>Matane<\/strong> et <strong>Amqui<\/strong>! Nous vous recevrons avec plaisir.<\/p>\n<\/div>\n","protected":false},"excerpt":{"rendered":"<p>Andr\u00e9 Hall\u00e9 et Fils est fier de vous offrir la cr\u00e8me de la cr\u00e8me des v\u00e9hicules de sport motoris\u00e9 neufs! \u00c0 tout moment de l\u2019ann\u00e9e, parcourez la plus grande s\u00e9lection de bolides qui combleront toutes vos envies d\u2019aventure! Prenez d\u2019assaut les routes du Qu\u00e9bec \u00e0 bord d\u2019une motocyclette neuve Honda, KTM, Harley-Davidson ou Kawasaki. \u00c9patez &hellip; <a href=\"https:\/\/www.andrehalle.com\/fr\/motocyclettes\/\">Suite<\/a><\/p>\n","protected":false},"author":1,"featured_media":0,"parent":0,"menu_order":0,"comment_status":"closed","ping_status":"closed","template":"template-listing-new-products.php","meta":[],"acf":{"content_featured_type":"","page_arg_new":true,"page_arg_new_category":[{"value":"motorcycle","label":"Motocyclettes"}],"page_arg_new_make":[],"contact_form_custom_html_id":"","page_arg_instock":false,"page_arg_new_type":false,"contact_form_custom_form_id":false},"_links":{"self":[{"href":"https:\/\/www.andrehalle.com\/fr\/wp-json\/wp\/v2\/pages\/309"}],"collection":[{"href":"https:\/\/www.andrehalle.com\/fr\/wp-json\/wp\/v2\/pages"}],"about":[{"href":"https:\/\/www.andrehalle.com\/fr\/wp-json\/wp\/v2\/types\/page"}],"author":[{"embeddable":true,"href":"https:\/\/www.andrehalle.com\/fr\/wp-json\/wp\/v2\/users\/1"}],"replies":[{"embeddable":true,"href":"https:\/\/www.andrehalle.com\/fr\/wp-json\/wp\/v2\/comments?post=309"}],"version-history":[{"count":10,"href":"https:\/\/www.andrehalle.com\/fr\/wp-json\/wp\/v2\/pages\/309\/revisions"}],"predecessor-version":[{"id":34484,"href":"https:\/\/www.andrehalle.com\/fr\/wp-json\/wp\/v2\/pages\/309\/revisions\/34484"}],"wp:attachment":[{"href":"https:\/\/www.andrehalle.com\/fr\/wp-json\/wp\/v2\/media?parent=309"}],"curies":[{"name":"wp","href":"https:\/\/api.w.org\/{rel}","templated":true}]}}