{"id":33850,"date":"2025-04-25T12:11:09","date_gmt":"2025-04-25T16:11:09","guid":{"rendered":"https:\/\/www.andrehalle.com\/?page_id=33850"},"modified":"2025-10-05T10:26:00","modified_gmt":"2025-10-05T14:26:00","slug":"location-can-am-spyder-ryker","status":"publish","type":"page","link":"https:\/\/www.andrehalle.com\/fr\/location-can-am-spyder-ryker\/","title":{"rendered":"Location Can-Am Ryker &#038; Spyder"},"content":{"rendered":"<div style=\"display: flex; flex-wrap: wrap; margin-bottom: 40px;\">\n<p><img class=\"\" src=\"https:\/\/www.andrehalle.com\/wp-content\/uploads\/2025\/10\/Site-web-Bannieres-2000-x-575-px-28.png\" alt=\"\" \/><\/p>\n<div><\/div>\n<div><\/div>\n<div><\/div>\n<div><\/div>\n<\/div>\n<div style=\"display: flex; flex-wrap: wrap;\">\n<p>&nbsp;<\/p>\n<div style=\"flex: 1 1 50%; padding: 0 20px; box-sizing: border-box;\">\n<h3>Tout savoir sur la location d\u2019un v\u00e9hicule 3 roues!<\/h3>\n<p class=\"\" data-start=\"204\" data-end=\"423\"><strong data-start=\"204\" data-end=\"227\">Ce qui est inclus :<\/strong><\/p>\n<ul>\n<li data-start=\"204\" data-end=\"423\">300 km par jour<\/li>\n<li data-start=\"204\" data-end=\"423\">100 km suppl\u00e9mentaires pour une location \u00e0 la journ\u00e9e compl\u00e8te<\/li>\n<li data-start=\"204\" data-end=\"423\">Assurance de base incluse, avec protection collision (franchise de 2\u202f500\u202f$ + transport)<\/li>\n<\/ul>\n<p class=\"\" data-start=\"425\" data-end=\"650\"><strong data-start=\"425\" data-end=\"438\">\u00c0 noter :<\/strong><\/p>\n<ul>\n<li data-start=\"425\" data-end=\"650\">Taxes en sus sur les prix indiqu\u00e9s<\/li>\n<li data-start=\"425\" data-end=\"650\">L\u2019assurance couvre uniquement les dommages mat\u00e9riels caus\u00e9s \u00e0 autrui<\/li>\n<li data-start=\"425\" data-end=\"650\">Aucun dommage corporel (conducteur ou passager) n\u2019est couvert<\/li>\n<li data-start=\"425\" data-end=\"650\">Les v\u00eatements de conduite ne sont pas fournis<\/li>\n<\/ul>\n<p class=\"\" data-start=\"652\" data-end=\"828\"><strong data-start=\"652\" data-end=\"679\">Conditions pour louer :<\/strong><\/p>\n<ul>\n<li>Permis de conduire <strong data-start=\"704\" data-end=\"717\">classe 6A<\/strong> requis<br data-start=\"724\" data-end=\"727\" \/>OU<\/li>\n<li>Attestation de la <strong data-start=\"753\" data-end=\"761\">SAAQ<\/strong> confirmant la r\u00e9ussite du cours pour trois roues (classe <strong data-start=\"819\" data-end=\"825\" data-is-only-node=\"\">6E<\/strong>)<\/li>\n<\/ul>\n<h3 class=\"\" data-start=\"696\" data-end=\"731\">\u00c0 savoir<\/h3>\n<p>Avant de prendre la route, voici ce que vous devez savoir :<\/p>\n<ul>\n<li><strong data-start=\"231\" data-end=\"254\">2 personnes maximum<\/strong> par v\u00e9hicule (si le mod\u00e8le est con\u00e7u pour 2 passagers)<\/li>\n<li><strong data-start=\"315\" data-end=\"349\">\u00c9quipement complet obligatoire<\/strong> : casque certifi\u00e9, bottes, v\u00eatements de protection, etc.<\/li>\n<li>Retour du v\u00e9hicule \u00e0<strong data-start=\"412\" data-end=\"460\"> 8h30 <\/strong>le lendemain matin<\/li>\n<li>Permis de conduire <strong data-start=\"485\" data-end=\"504\">classe 6A ou 6E<\/strong> requis<\/li>\n<li><strong data-start=\"516\" data-end=\"539\">Essence non incluse<\/strong> : le v\u00e9hicule doit \u00eatre retourn\u00e9 avec le plein d&rsquo;essence. Des frais de 70$ s\u2019appliquent en cas de non-respect<\/li>\n<li>Le v\u00e9hicule doit demeurer sur le <strong>territoire du Qu\u00e9bec<\/strong><\/li>\n<\/ul>\n<h3 class=\"\" data-start=\"696\" data-end=\"731\">Paiement &amp; d\u00e9p\u00f4t de garantie<\/h3>\n<ul>\n<li data-start=\"733\" data-end=\"1044\"><strong data-start=\"736\" data-end=\"813\">Le paiement complet <\/strong>de la location est exig\u00e9 <strong data-start=\"736\" data-end=\"813\">avant la prise de possession<\/strong> du v\u00e9hicule<\/li>\n<li data-start=\"733\" data-end=\"1044\"><strong data-start=\"831\" data-end=\"866\">Un d\u00e9p\u00f4t de s\u00e9curit\u00e9 de 2\u202f500\u202f$<\/strong> est requis avant le d\u00e9part. Ce d\u00e9p\u00f4t est <strong data-start=\"912\" data-end=\"942\">rembours\u00e9 apr\u00e8s inspection<\/strong>, d\u00e9duction faite de tout dommage, s\u2019il y a lieu<\/li>\n<li data-start=\"733\" data-end=\"1044\"><strong data-start=\"996\" data-end=\"1040\">Modes de paiement accept\u00e9s <\/strong>pour le d\u00e9p\u00f4t :\n<ul>\n<li class=\"\" data-start=\"1045\" data-end=\"1100\">\n<p class=\"\" data-start=\"1047\" data-end=\"1100\">Carte bancaire Visa, Mastercard ou American Express<\/p>\n<\/li>\n<li class=\"\" data-start=\"1101\" data-end=\"1335\">\n<p class=\"\" data-start=\"1103\" data-end=\"1335\">Argent comptant (CAD, USD ou EUR \u2014 taux de change en vigueur appliqu\u00e9)<\/p>\n<\/li>\n<\/ul>\n<\/li>\n<li data-start=\"1103\" data-end=\"1335\">Aucun autre mode de paiement n\u2019est accept\u00e9 pour le d\u00e9p\u00f4t<\/li>\n<li data-start=\"1103\" data-end=\"1335\">En cas de refus ou d\u2019impossibilit\u00e9 de d\u00e9p\u00f4t, la location sera annul\u00e9e automatiquement<\/li>\n<\/ul>\n<\/div>\n<\/div>\n<div style=\"width: 100%; padding: 20px; box-sizing: border-box;\">\n<h3 class=\"\" data-start=\"1342\" data-end=\"1361\">Tarification<\/h3>\n<p class=\"\" data-start=\"1363\" data-end=\"1497\">Envie de vivre une exp\u00e9rience Can-Am inoubliable\u202f? Louez un Ryker ou un Spyder et partez \u00e0 l\u2019aventure en toute libert\u00e9!<\/p>\n<p data-start=\"1499\" data-end=\"1735\"><img class=\"\" src=\"https:\/\/www.andrehalle.com\/wp-content\/uploads\/2025\/09\/Tableau_location_3roues.png\" alt=\"\" \/><\/p>\n<h3>R\u00e9servez votre v\u00e9hicule de location!<\/h3>\n<p>Contactez-nous par courriel ou par t\u00e9l\u00e9phone pour conna\u00eetre nos tarifs d\u00e9taill\u00e9s et r\u00e9server votre v\u00e9hicule Can-Am. Notre \u00e9quipe se fera un plaisir de vous accompagner pour que vous preniez la route rapidement \u2014 et en toute confiance.<\/p>\n<div style=\"display: flex; justify-content: space-between; gap: 30px; width: 100%; flex-wrap: wrap;\">\n<div style=\"flex: 1; min-width: 200px;\"><strong>AMQUI<\/strong><br \/>\n<span class=\"city\"><span class=\"street\">F\u00e9lix-Andr\u00e9 Hall\u00e9 Leblanc<\/span><br \/>\n<\/span><span class=\"nobr phone-number\">418 629-4111 #105<\/span><br \/>\n<a href=\"mailto:felixahleblanc@andrehalle.com\">felixahleblanc@andrehalle.com<\/a><br \/>\n<span class=\"postalcode\"><span class=\"street\">121, Boul. St-Beno\u00eet E<\/span>, <span class=\"city\">Amqui<\/span><span class=\"province\"> (Qc)<\/span> G5J 2C2<\/span><\/div>\n<div style=\"flex: 1; min-width: 200px;\"><strong>MATANE<\/strong><br \/>\n<span class=\"street\">Marco Caron<\/span><br \/>\n<span class=\"city\"><span class=\"nobr phone-number\">418 566-4547<\/span> #116<br \/>\n<a href=\"mailto:marcocaron@andrehalle.com\">marcocaron@andrehalle.com<\/a><\/span><br \/>\n<span class=\"postalcode\"><span class=\"street\"> 1390, Av. du Phare O<\/span>, <span class=\"city\">Matane<\/span><span class=\"province\"> (Qc)<\/span> G4W 3M6<\/span><\/div>\n<div style=\"flex: 1; min-width: 200px;\"><strong>RIMOUSKI<\/strong><br \/>\n<span class=\"street\">Jean-Philippe Lepage<\/span><br \/>\n418 723-5132 #133<br \/>\n<a href=\"mailto:jplepage@andrehalle.com\">jplepage@andrehalle.com<\/a><br \/>\n<span class=\"postalcode\"><span class=\"street\">178, Av. L\u00e9onidas S<\/span>, Rimouski<span class=\"province\"> (Qc) <\/span>G5L 2T2<\/span><\/div>\n<\/div>\n<\/div>\n","protected":false},"excerpt":{"rendered":"<p>&nbsp; Tout savoir sur la location d\u2019un v\u00e9hicule 3 roues! Ce qui est inclus : 300 km par jour 100 km suppl\u00e9mentaires pour une location \u00e0 la journ\u00e9e compl\u00e8te Assurance de base incluse, avec protection collision (franchise de 2\u202f500\u202f$ + transport) \u00c0 noter : Taxes en sus sur les prix indiqu\u00e9s L\u2019assurance couvre uniquement les &hellip; <a href=\"https:\/\/www.andrehalle.com\/fr\/location-can-am-spyder-ryker\/\">Suite<\/a><\/p>\n","protected":false},"author":1,"featured_media":0,"parent":0,"menu_order":0,"comment_status":"closed","ping_status":"closed","template":"template-no-sidebar.php","meta":[],"acf":{"contact_form_custom_form_id":false,"contact_form_custom_html_id":"","content_featured_type":"","rental_page_details_active":false,"rental_page_main_link":false,"rental_page_faq":false,"rental_page_alert":false,"rental_page_sidebar_link":false,"rental_page_sidebar_prices":false},"_links":{"self":[{"href":"https:\/\/www.andrehalle.com\/fr\/wp-json\/wp\/v2\/pages\/33850"}],"collection":[{"href":"https:\/\/www.andrehalle.com\/fr\/wp-json\/wp\/v2\/pages"}],"about":[{"href":"https:\/\/www.andrehalle.com\/fr\/wp-json\/wp\/v2\/types\/page"}],"author":[{"embeddable":true,"href":"https:\/\/www.andrehalle.com\/fr\/wp-json\/wp\/v2\/users\/1"}],"replies":[{"embeddable":true,"href":"https:\/\/www.andrehalle.com\/fr\/wp-json\/wp\/v2\/comments?post=33850"}],"version-history":[{"count":24,"href":"https:\/\/www.andrehalle.com\/fr\/wp-json\/wp\/v2\/pages\/33850\/revisions"}],"predecessor-version":[{"id":35269,"href":"https:\/\/www.andrehalle.com\/fr\/wp-json\/wp\/v2\/pages\/33850\/revisions\/35269"}],"wp:attachment":[{"href":"https:\/\/www.andrehalle.com\/fr\/wp-json\/wp\/v2\/media?parent=33850"}],"curies":[{"name":"wp","href":"https:\/\/api.w.org\/{rel}","templated":true}]}}