{"id":33861,"date":"2025-04-25T12:21:22","date_gmt":"2025-04-25T16:21:22","guid":{"rendered":"https:\/\/www.andrehalle.com\/?page_id=33861"},"modified":"2025-10-05T10:26:51","modified_gmt":"2025-10-05T14:26:51","slug":"location-motoneiges-ski-doo","status":"publish","type":"page","link":"https:\/\/www.andrehalle.com\/fr\/location-motoneiges-ski-doo\/","title":{"rendered":"Location Motoneige Ski-Doo"},"content":{"rendered":"<p><img class=\"\" src=\"https:\/\/www.andrehalle.com\/wp-content\/uploads\/2025\/10\/Site-web-Bannieres-2000-x-575-px-27.png\" alt=\"\" \/><\/p>\n<div style=\"display: flex; flex-wrap: wrap; margin-bottom: 40px;\">\n<div style=\"flex: 1 1 50%; padding: 0 20px; box-sizing: border-box;\">\n<h3>Tout savoir sur la location d&rsquo;une motoneige Ski-Doo!<\/h3>\n<p><strong>Ce qui est inclus :<\/strong><\/p>\n<ul>\n<li>Carte des sentiers<\/li>\n<li data-start=\"204\" data-end=\"423\">Assurance de base incluse, avec protection collision (franchise de 2\u202f500\u202f$ + transport)<\/li>\n<\/ul>\n<p><strong>\u00c0 noter :\u00a0<\/strong><\/p>\n<ul>\n<li data-start=\"425\" data-end=\"650\">Taxes en sus sur les prix indiqu\u00e9s<\/li>\n<li data-start=\"425\" data-end=\"650\">L\u2019assurance couvre uniquement les dommages mat\u00e9riels caus\u00e9s \u00e0 autrui<\/li>\n<li data-start=\"425\" data-end=\"650\">Aucun dommage corporel (conducteur ou passager) n\u2019est couvert<\/li>\n<li data-start=\"425\" data-end=\"650\">Les v\u00eatements de conduite ne sont pas fournis<\/li>\n<\/ul>\n<p><strong>Conditions pour louer :\u00a0<\/strong><\/p>\n<ul>\n<li data-start=\"425\" data-end=\"650\">Permis de conduire <strong>classe 5<\/strong> requis<\/li>\n<\/ul>\n<h3 class=\"\" data-start=\"696\" data-end=\"731\">\u00c0 savoir<\/h3>\n<p>Avant de prendre la route, voici ce que vous devez savoir :<\/p>\n<ul>\n<li><strong data-start=\"231\" data-end=\"254\">2 personnes maximum<\/strong> par motoneige (si le mod\u00e8le est con\u00e7u pour 2 passagers)<\/li>\n<li><strong data-start=\"315\" data-end=\"349\">\u00c9quipement complet obligatoire<\/strong>\u00a0: casque certifi\u00e9, bottes, v\u00eatements de protection, etc.<\/li>\n<li>Retour du v\u00e9hicule \u00e0<strong data-start=\"412\" data-end=\"460\">\u00a08h30\u00a0<\/strong>le lendemain matin<\/li>\n<li>Permis de conduire\u00a0<strong data-start=\"485\" data-end=\"504\">classe 5<\/strong>\u00a0requis<\/li>\n<li><strong data-start=\"516\" data-end=\"539\">Essence non incluse<\/strong>\u00a0: le v\u00e9hicule doit \u00eatre retourn\u00e9 avec le plein d\u2019essence. Des frais de 70$ s\u2019appliquent en cas de non-respect<\/li>\n<li>Le v\u00e9hicule doit demeurer sur le\u00a0<strong>territoire du Qu\u00e9bec<\/strong><\/li>\n<\/ul>\n<h3 class=\"\" data-start=\"696\" data-end=\"731\">Paiement &amp; d\u00e9p\u00f4t de garantie<\/h3>\n<ul>\n<li data-start=\"733\" data-end=\"1044\"><strong data-start=\"736\" data-end=\"813\">Le paiement complet\u00a0<\/strong>de la location est exig\u00e9\u00a0<strong data-start=\"736\" data-end=\"813\">avant la prise de possession<\/strong>\u00a0du v\u00e9hicule<\/li>\n<li data-start=\"733\" data-end=\"1044\"><strong data-start=\"831\" data-end=\"866\">Un d\u00e9p\u00f4t de s\u00e9curit\u00e9 de 2\u202f500\u202f$<\/strong>\u00a0est requis avant le d\u00e9part. Ce d\u00e9p\u00f4t est\u00a0<strong data-start=\"912\" data-end=\"942\">rembours\u00e9 apr\u00e8s inspection<\/strong>, d\u00e9duction faite de tout dommage, s\u2019il y a lieu<\/li>\n<li data-start=\"733\" data-end=\"1044\"><strong data-start=\"996\" data-end=\"1040\">Modes de paiement accept\u00e9s\u00a0<\/strong>pour le d\u00e9p\u00f4t :\n<ul>\n<li class=\"\" data-start=\"1045\" data-end=\"1100\">\n<p class=\"\" data-start=\"1047\" data-end=\"1100\">Carte bancaire Visa, Mastercard ou American Express<\/p>\n<\/li>\n<li class=\"\" data-start=\"1101\" data-end=\"1335\">\n<p class=\"\" data-start=\"1103\" data-end=\"1335\">Argent comptant (CAD, USD ou EUR \u2014 taux de change en vigueur appliqu\u00e9)<\/p>\n<\/li>\n<\/ul>\n<\/li>\n<li data-start=\"1103\" data-end=\"1335\">Aucun autre mode de paiement n\u2019est accept\u00e9 pour le d\u00e9p\u00f4t<\/li>\n<li data-start=\"1103\" data-end=\"1335\">En cas de refus ou d\u2019impossibilit\u00e9 de d\u00e9p\u00f4t, la location sera annul\u00e9e automatiquement<\/li>\n<\/ul>\n<h3 style=\"font-size: 24px; margin-bottom: 15px; text-align: left;\">Tarification<\/h3>\n<p>Envie de vivre une exp\u00e9rience hors du commun? Voici notre tarification pour la location d&rsquo;une motoneige Ski-Doo. Chez nous, c&rsquo;est Ski-Doo!<\/p>\n<p><img class=\"\" src=\"https:\/\/www.andrehalle.com\/wp-content\/uploads\/2025\/09\/Tableau_location_Ski-Doo-1.png\" alt=\"\" \/><\/p>\n<\/div>\n<\/div>\n<p><!-- Ligne 2 --><\/p>\n<div style=\"display: flex; flex-wrap: wrap;\">\n<div style=\"flex: 1 1 50%; padding: 0 20px; box-sizing: border-box;\">\n<h3>R\u00e9servez votre v\u00e9hicule de location!<\/h3>\n<p>Contactez-nous par courriel ou par t\u00e9l\u00e9phone pour conna\u00eetre nos tarifs d\u00e9taill\u00e9s et r\u00e9server votre motoneige Ski-Doo. Notre \u00e9quipe se fera un plaisir de vous accompagner pour que vous preniez la route rapidement \u2014 et en toute confiance.<\/p>\n<div style=\"display: flex; justify-content: space-between; gap: 30px; width: 100%; flex-wrap: wrap;\">\n<div style=\"flex: 1; min-width: 200px;\"><strong>AMQUI<\/strong><br \/>\n<span class=\"city\"><span class=\"street\">F\u00e9lix-Andr\u00e9 Hall\u00e9 Leblanc<\/span><br \/>\n<\/span><span class=\"nobr phone-number\">418 629-4111 #105<\/span><br \/>\n<a href=\"mailto:felixahleblanc@andrehalle.com\">felixahleblanc@andrehalle.com<\/a><br \/>\n<span class=\"postalcode\"><span class=\"street\">121, Boul. St-Beno\u00eet E<\/span>,\u00a0<span class=\"city\">Amqui<\/span><span class=\"province\">\u00a0(Qc)<\/span>\u00a0G5J 2C2<\/span><\/div>\n<div style=\"flex: 1; min-width: 200px;\"><strong>MATANE<\/strong><br \/>\n<span class=\"street\">Marco Caron<\/span><br \/>\n<span class=\"city\"><span class=\"nobr phone-number\">418 566-4547<\/span>\u00a0#116<br \/>\n<a href=\"mailto:marcocaron@andrehalle.com\">marcocaron@andrehalle.com<\/a><\/span><br \/>\n<span class=\"postalcode\"><span class=\"street\">1390, Av. du Phare O<\/span>,\u00a0<span class=\"city\">Matane<\/span><span class=\"province\">\u00a0(Qc)<\/span>\u00a0G4W 3M6<\/span><\/div>\n<div style=\"flex: 1; min-width: 200px;\"><strong>RIMOUSKI<\/strong><br \/>\n<span class=\"street\">Jean-Philippe Lepage<\/span><br \/>\n418 723-5132 #133<br \/>\n<a href=\"mailto:jplepage@andrehalle.com\">jplepage@andrehalle.com<\/a><br \/>\n<span class=\"postalcode\"><span class=\"street\">178, Av. L\u00e9onidas S<\/span>, Rimouski<span class=\"province\">\u00a0(Qc)\u00a0<\/span>G5L 2T2<\/span><\/div>\n<\/div>\n<\/div>\n<\/div>\n<p>&nbsp;<\/p>\n","protected":false},"excerpt":{"rendered":"<p>Tout savoir sur la location d&rsquo;une motoneige Ski-Doo! Ce qui est inclus : Carte des sentiers Assurance de base incluse, avec protection collision (franchise de 2\u202f500\u202f$ + transport) \u00c0 noter :\u00a0 Taxes en sus sur les prix indiqu\u00e9s L\u2019assurance couvre uniquement les dommages mat\u00e9riels caus\u00e9s \u00e0 autrui Aucun dommage corporel (conducteur ou passager) n\u2019est couvert &hellip; <a href=\"https:\/\/www.andrehalle.com\/fr\/location-motoneiges-ski-doo\/\">Suite<\/a><\/p>\n","protected":false},"author":1,"featured_media":0,"parent":0,"menu_order":0,"comment_status":"closed","ping_status":"closed","template":"template-no-sidebar.php","meta":[],"acf":{"contact_form_custom_form_id":false,"contact_form_custom_html_id":""},"_links":{"self":[{"href":"https:\/\/www.andrehalle.com\/fr\/wp-json\/wp\/v2\/pages\/33861"}],"collection":[{"href":"https:\/\/www.andrehalle.com\/fr\/wp-json\/wp\/v2\/pages"}],"about":[{"href":"https:\/\/www.andrehalle.com\/fr\/wp-json\/wp\/v2\/types\/page"}],"author":[{"embeddable":true,"href":"https:\/\/www.andrehalle.com\/fr\/wp-json\/wp\/v2\/users\/1"}],"replies":[{"embeddable":true,"href":"https:\/\/www.andrehalle.com\/fr\/wp-json\/wp\/v2\/comments?post=33861"}],"version-history":[{"count":19,"href":"https:\/\/www.andrehalle.com\/fr\/wp-json\/wp\/v2\/pages\/33861\/revisions"}],"predecessor-version":[{"id":35272,"href":"https:\/\/www.andrehalle.com\/fr\/wp-json\/wp\/v2\/pages\/33861\/revisions\/35272"}],"wp:attachment":[{"href":"https:\/\/www.andrehalle.com\/fr\/wp-json\/wp\/v2\/media?parent=33861"}],"curies":[{"name":"wp","href":"https:\/\/api.w.org\/{rel}","templated":true}]}}