{"id":33870,"date":"2025-04-25T12:31:20","date_gmt":"2025-04-25T16:31:20","guid":{"rendered":"https:\/\/www.andrehalle.com\/?page_id=33870"},"modified":"2025-10-05T10:19:10","modified_gmt":"2025-10-05T14:19:10","slug":"cours-de-conduite-can-am-spyder-et-ryker","status":"publish","type":"page","link":"https:\/\/www.andrehalle.com\/fr\/cours-de-conduite-can-am-spyder-et-ryker\/","title":{"rendered":"Cours de conduite Can-Am 3 Roues"},"content":{"rendered":"<p><img class=\"\" src=\"https:\/\/www.andrehalle.com\/wp-content\/uploads\/2025\/10\/Site-web-Bannieres-2000-x-575-px-26.png\" alt=\"\" \/><\/p>\n<h3 data-start=\"606\" data-end=\"638\"><\/h3>\n<h3>Formation \u00e0 la conduite de motocyclette \u00e0 3 roues<\/h3>\n<p>Th\u00e9orie et pratique r\u00e9unies en une seule journ\u00e9e. Formation offerte en collaboration avec l&rsquo;<strong>Auto-\u00c9cole NDR Rimouski enr<\/strong>.<\/p>\n<h3 data-start=\"606\" data-end=\"638\">Ce que comprend le cours :<\/h3>\n<ul>\n<li>3 heures de th\u00e9orie<\/li>\n<li>4 heures de pratique\n<ul>\n<li>2 heures en circuit ferm\u00e9<\/li>\n<li>2 heures sur la route<\/li>\n<\/ul>\n<\/li>\n<li><strong>Dur\u00e9e totale : 7 heures<\/strong><\/li>\n<\/ul>\n<h3 data-start=\"606\" data-end=\"638\">Conditions d\u2019admissibilit\u00e9 :<\/h3>\n<ul>\n<li>\u00catre titulaire d\u2019un <strong data-start=\"662\" data-end=\"700\">permis de conduire classe 5 valide<\/strong> (voiture)<\/li>\n<li>Le <strong data-start=\"718\" data-end=\"754\">cours th\u00e9orique doit \u00eatre r\u00e9ussi<\/strong> avant de pouvoir effectuer la portion pratique<\/li>\n<li><em data-start=\"807\" data-end=\"934\">Les personnes qui poss\u00e8dent d\u00e9j\u00e0 la <strong data-start=\"844\" data-end=\"857\">classe 6A<\/strong> (moto) n\u2019ont pas besoin de suivre ce cours pour conduire une moto \u00e0 3 roues<\/em><\/li>\n<\/ul>\n<h3 data-start=\"941\" data-end=\"969\">Ce que vous apprendrez :<\/h3>\n<ul>\n<li data-start=\"971\" data-end=\"1199\">Gestion et pr\u00e9vention des situations \u00e0 risque<\/li>\n<li data-start=\"971\" data-end=\"1199\">Contr\u00f4le du v\u00e9hicule et de l\u2019acc\u00e9l\u00e9ration<\/li>\n<li data-start=\"971\" data-end=\"1199\">Conduite en ligne droite<\/li>\n<li data-start=\"971\" data-end=\"1199\">Changements de direction et de vitesses<\/li>\n<li data-start=\"971\" data-end=\"1199\">Arr\u00eat normal et arr\u00eat d\u2019urgence<\/li>\n<li data-start=\"971\" data-end=\"1199\">Man\u0153uvres d\u2019\u00e9vitement<\/li>\n<\/ul>\n<hr class=\"\" data-start=\"316\" data-end=\"319\" \/>\n<p data-start=\"1206\" data-end=\"1230\"><img loading=\"lazy\" class=\"\" src=\"https:\/\/www.andrehalle.com\/wp-content\/uploads\/2025\/10\/logo-ndr-blanc.png\" alt=\"\" width=\"177\" height=\"85\" \/><\/p>\n<h3 class=\"\" data-start=\"1206\" data-end=\"1230\">Comment s\u2019inscrire\u202f?<\/h3>\n<p class=\"\" data-start=\"1232\" data-end=\"1343\"><strong data-start=\"1235\" data-end=\"1286\">Contactez directement l\u2019Auto-\u00c9cole NDR Rimouski <\/strong>au <strong data-start=\"1295\" data-end=\"1315\">418\u202f723-7134<\/strong> pour r\u00e9server votre place!<\/p>\n<p class=\"\" data-start=\"1347\" data-end=\"1471\">N\u2019h\u00e9sitez pas \u00e0 les joindre pour toutes questions. Il leur fera plaisir de vous accompagner vers la route de la libert\u00e9!<\/p>\n<p class=\"\" data-start=\"1347\" data-end=\"1471\"><a style=\"display: inline-block; background-color: #ffd700; color: white; padding: 10px 20px; text-decoration: none; border-radius: 5px; font-weight: bold;\" href=\"https:\/\/ecoledeconduitendr.com\/spyder\/\" target=\"_blank\" rel=\"noopener\"><strong>En savoir plus<\/strong><\/a><\/p>\n<div style=\"display: flex; flex-wrap: wrap;\">\n<div style=\"flex: 1 1 50%; padding: 0 20px; box-sizing: border-box;\">\n<h3 data-start=\"1206\" data-end=\"1230\"><\/h3>\n<p class=\"\" data-start=\"1347\" data-end=\"1471\">\n<\/div>\n<\/div>\n","protected":false},"excerpt":{"rendered":"<p>Formation \u00e0 la conduite de motocyclette \u00e0 3 roues Th\u00e9orie et pratique r\u00e9unies en une seule journ\u00e9e. Formation offerte en collaboration avec l&rsquo;Auto-\u00c9cole NDR Rimouski enr. Ce que comprend le cours : 3 heures de th\u00e9orie 4 heures de pratique 2 heures en circuit ferm\u00e9 2 heures sur la route Dur\u00e9e totale : 7 heures &hellip; <a href=\"https:\/\/www.andrehalle.com\/fr\/cours-de-conduite-can-am-spyder-et-ryker\/\">Suite<\/a><\/p>\n","protected":false},"author":1,"featured_media":34179,"parent":0,"menu_order":0,"comment_status":"closed","ping_status":"closed","template":"template-no-sidebar.php","meta":[],"acf":{"contact_form_custom_form_id":false,"contact_form_custom_html_id":""},"_links":{"self":[{"href":"https:\/\/www.andrehalle.com\/fr\/wp-json\/wp\/v2\/pages\/33870"}],"collection":[{"href":"https:\/\/www.andrehalle.com\/fr\/wp-json\/wp\/v2\/pages"}],"about":[{"href":"https:\/\/www.andrehalle.com\/fr\/wp-json\/wp\/v2\/types\/page"}],"author":[{"embeddable":true,"href":"https:\/\/www.andrehalle.com\/fr\/wp-json\/wp\/v2\/users\/1"}],"replies":[{"embeddable":true,"href":"https:\/\/www.andrehalle.com\/fr\/wp-json\/wp\/v2\/comments?post=33870"}],"version-history":[{"count":25,"href":"https:\/\/www.andrehalle.com\/fr\/wp-json\/wp\/v2\/pages\/33870\/revisions"}],"predecessor-version":[{"id":35266,"href":"https:\/\/www.andrehalle.com\/fr\/wp-json\/wp\/v2\/pages\/33870\/revisions\/35266"}],"wp:featuredmedia":[{"embeddable":true,"href":"https:\/\/www.andrehalle.com\/fr\/wp-json\/wp\/v2\/media\/34179"}],"wp:attachment":[{"href":"https:\/\/www.andrehalle.com\/fr\/wp-json\/wp\/v2\/media?parent=33870"}],"curies":[{"name":"wp","href":"https:\/\/api.w.org\/{rel}","templated":true}]}}