{"id":33923,"date":"2025-04-25T13:58:30","date_gmt":"2025-04-25T17:58:30","guid":{"rendered":"https:\/\/www.andrehalle.com\/?page_id=33923"},"modified":"2025-12-28T17:56:07","modified_gmt":"2025-12-28T22:56:07","slug":"a-propos","status":"publish","type":"page","link":"https:\/\/www.andrehalle.com\/fr\/a-propos\/","title":{"rendered":"\u00c0 propos"},"content":{"rendered":"<p><!-- Premi\u00e8re image en haut --><br \/>\n<img class=\"\" src=\"https:\/\/www.andrehalle.com\/wp-content\/uploads\/2025\/04\/01661033-BEA8-4062-9FEE-3296973E3614-scaled-e1727446790457.webp\" alt=\"\" \/><\/p>\n<h3><\/h3>\n<h3>QUI SOMMES-NOUS?<\/h3>\n<p>Oeuvrant dans le domaine de la vente de v\u00e9hicules r\u00e9cr\u00e9atifs et de produits m\u00e9caniques, Andr\u00e9 Hall\u00e9 &amp; Fils est, \u00e0 ce jour, concessionnaire autoris\u00e9 de plus de 18 marques. Offrir une grande vari\u00e9t\u00e9 de produits \u00e0 toute notre client\u00e8le est la promesse de l\u2019entreprise. Situ\u00e9es \u00e0 Amqui, Matane et Rimouski, nos \u00e9quipes vibrent au son des produits r\u00e9cr\u00e9atifs! Notre passion et notre d\u00e9vouement face au service \u00e0 la client\u00e8le font partie int\u00e9grante de notre quotidien.<\/p>\n<p><strong>Notre mission<\/strong><\/p>\n<p>Accompagner et conseiller tous nos clients en cr\u00e9ant une exp\u00e9rience hors du commun.<\/p>\n<p><strong>Notre vision<\/strong><\/p>\n<p>\u00catre le chef de file dans la vente de v\u00e9hicules r\u00e9cr\u00e9atifs et des produits m\u00e9caniques.<\/p>\n<p><strong>Distinctions et reconnaissances<\/strong><\/p>\n<p>2010 : Concessionnaire Can-Am VTT de district de l&rsquo;ann\u00e9e au Canada<\/p>\n<p>2010 : Concessionnaire Roadster r\u00e9gional de l&rsquo;ann\u00e9e de l&rsquo;Est du Canada<\/p>\n<p>2011 : Titre du plus ancien concessionnaire BRP encore actif au monde<\/p>\n<p>2012 : Concessionnaire Roadster de district au Qu\u00e9bec<\/p>\n<p>2014 : Concessionnaire Can-Am hors route de district au Canada<\/p>\n<p>2024 : Entreprise franchis\u00e9e, succursale, concession de l&rsquo;ann\u00e9e du Gala reconnaissance de la Chambre de commerce de Rimouski<\/p>\n<p><img class=\"\" src=\"https:\/\/www.andrehalle.com\/wp-content\/uploads\/2025\/04\/PXL_20240108_195835587.webp\" alt=\"\" \/><\/p>\n<h3><\/h3>\n<h3>LA DIFF\u00c9RENCE ANDR\u00c9 HALL\u00c9<\/h3>\n<p>Nous partageons vos r\u00eaves et vos passions depuis plus de 60 ans dans le domaine r\u00e9cr\u00e9atif et produits m\u00e9caniques! Chef de file dans La Matap\u00e9dia nous avons maintenant 3 places d\u2019affaires une \u00e0 Amqui, Matane et Rimouski. Nous sommes \u00e0 ce jour concessionnaire autoris\u00e9 de plusieurs marques de v\u00e9hicules r\u00e9cr\u00e9atifs et produits m\u00e9caniques.<\/p>\n<p><strong>Amqui<\/strong><\/p>\n<p>\u00c9tablie \u00e0 Amqui depuis plus de 60 ans, l\u2019entreprise a su se tailler une place dans le domaine r\u00e9cr\u00e9atif \u00e0 la fois dans la r\u00e9gion, mais aussi \u00e0 l\u2019\u00e9chelle internationale en recevant le titre du plus ancien concessionnaire BRP encore actif au monde! Notre \u00e9quipe d\u2019employ\u00e9s vibre au son des produits r\u00e9cr\u00e9atifs! Notre passion et notre d\u00e9vouement au service \u00e0 la client\u00e8le font partie int\u00e9grante de notre quotidien.<\/p>\n<p><img loading=\"lazy\" class=\"alignleft\" src=\"https:\/\/www.andrehalle.com\/wp-content\/uploads\/2025\/04\/325137611_3028430110791749_8569134659485418282_n.webp\" alt=\"\" width=\"311\" height=\"233\" \/> \u00a0<img loading=\"lazy\" class=\"\" src=\"https:\/\/www.andrehalle.com\/wp-content\/uploads\/2025\/04\/Halle7-scaled-1.webp\" alt=\"\" width=\"310\" height=\"233\" \/><\/p>\n<p><strong>Matane<\/strong><\/p>\n<p>\u00c9tablie \u00e0 Matane depuis 2017, notre concession est fi\u00e8re de pouvoir servir un vaste territoire. Notre passion pour les v\u00e9hicules r\u00e9cr\u00e9atifs et notre d\u00e9vouement au service \u00e0 la client\u00e8le font partie int\u00e9grante de notre quotidien!<\/p>\n<p><img loading=\"lazy\" class=\"\" style=\"font-size: 22px;\" src=\"https:\/\/www.andrehalle.com\/wp-content\/uploads\/2025\/04\/Matane.jpg\" alt=\"\" width=\"329\" height=\"210\" \/><span style=\"font-size: 22px;\"> \u00a0<\/span><img loading=\"lazy\" class=\"\" style=\"font-size: 22px;\" src=\"https:\/\/www.andrehalle.com\/wp-content\/uploads\/2025\/04\/324492064_559856106042168_8552998343830217542_n.jpg\" alt=\"\" width=\"281\" height=\"210\" \/><\/p>\n<div>\n<div data-olk-copy-source=\"MailCompose\">\n<p><strong>Rimouski<\/strong><\/p>\n<p>Nous sommes heureux d\u2019ajouter un nouveau concessionnaire \u00e0 la famille Andr\u00e9 Hall\u00e9 &amp; Fils. En 2021, Mini Mecanik Sports devient Andr\u00e9 Hall\u00e9 &amp; Fils de Rimouski!<\/p>\n<p><img loading=\"lazy\" class=\"\" src=\"https:\/\/www.andrehalle.com\/wp-content\/uploads\/2025\/04\/dealer1.webp\" alt=\"\" width=\"349\" height=\"200\" \/> \u00a0<img loading=\"lazy\" class=\"\" src=\"https:\/\/www.andrehalle.com\/wp-content\/uploads\/2025\/04\/IMG_3293-scaled-1.webp\" alt=\"\" width=\"268\" height=\"201\" \/><\/p>\n<\/div>\n<\/div>\n","protected":false},"excerpt":{"rendered":"<p>QUI SOMMES-NOUS? Oeuvrant dans le domaine de la vente de v\u00e9hicules r\u00e9cr\u00e9atifs et de produits m\u00e9caniques, Andr\u00e9 Hall\u00e9 &amp; Fils est, \u00e0 ce jour, concessionnaire autoris\u00e9 de plus de 18 marques. Offrir une grande vari\u00e9t\u00e9 de produits \u00e0 toute notre client\u00e8le est la promesse de l\u2019entreprise. Situ\u00e9es \u00e0 Amqui, Matane et Rimouski, nos \u00e9quipes vibrent &hellip; <a href=\"https:\/\/www.andrehalle.com\/fr\/a-propos\/\">Suite<\/a><\/p>\n","protected":false},"author":1,"featured_media":0,"parent":0,"menu_order":0,"comment_status":"closed","ping_status":"closed","template":"template-no-sidebar.php","meta":[],"acf":{"contact_form_custom_form_id":false,"contact_form_custom_html_id":""},"_links":{"self":[{"href":"https:\/\/www.andrehalle.com\/fr\/wp-json\/wp\/v2\/pages\/33923"}],"collection":[{"href":"https:\/\/www.andrehalle.com\/fr\/wp-json\/wp\/v2\/pages"}],"about":[{"href":"https:\/\/www.andrehalle.com\/fr\/wp-json\/wp\/v2\/types\/page"}],"author":[{"embeddable":true,"href":"https:\/\/www.andrehalle.com\/fr\/wp-json\/wp\/v2\/users\/1"}],"replies":[{"embeddable":true,"href":"https:\/\/www.andrehalle.com\/fr\/wp-json\/wp\/v2\/comments?post=33923"}],"version-history":[{"count":4,"href":"https:\/\/www.andrehalle.com\/fr\/wp-json\/wp\/v2\/pages\/33923\/revisions"}],"predecessor-version":[{"id":35605,"href":"https:\/\/www.andrehalle.com\/fr\/wp-json\/wp\/v2\/pages\/33923\/revisions\/35605"}],"wp:attachment":[{"href":"https:\/\/www.andrehalle.com\/fr\/wp-json\/wp\/v2\/media?parent=33923"}],"curies":[{"name":"wp","href":"https:\/\/api.w.org\/{rel}","templated":true}]}}