{"id":35289,"date":"2025-10-09T10:19:25","date_gmt":"2025-10-09T14:19:25","guid":{"rendered":"https:\/\/www.andrehalle.com\/?page_id=35289"},"modified":"2026-01-05T09:56:31","modified_gmt":"2026-01-05T14:56:31","slug":"commandites","status":"publish","type":"page","link":"https:\/\/www.andrehalle.com\/fr\/commandites\/","title":{"rendered":"Commandites"},"content":{"rendered":"<h3>Demande de commandite<\/h3>\n<p>Chaque ann\u00e9e, nous recevons un grand nombre de demandes de commandite provenant d\u2019organismes, d\u2019\u00e9v\u00e9nements et de projets vari\u00e9s. Afin d\u2019assurer une gestion \u00e9quitable, coh\u00e9rente et efficace de toutes les demandes entrantes, nous avons mis en place un formulaire unique de demande de commandite.<\/p>\n<p>Ce processus nous permet de recueillir, d\u00e8s le d\u00e9part, toutes les informations essentielles \u00e0 l\u2019analyse des projets \u2014 des \u00e9l\u00e9ments qui ne se retrouvent pas toujours dans les lettres de demande traditionnelles \u2014 et d\u2019\u00e9valuer chaque demande selon des crit\u00e8res communs.<\/p>\n<p><strong>Pourquoi utiliser ce formulaire?<\/strong><\/p>\n<ul>\n<li>Pour offrir une chance \u00e9gale \u00e0 tous les projets soumis<\/li>\n<li>Pour assurer une analyse \u00e9quitable et structur\u00e9e<\/li>\n<li>Pour faciliter le triage et le suivi des demandes<\/li>\n<li>Pour permettre des d\u00e9lais de r\u00e9ponse plus clairs et r\u00e9alistes<\/li>\n<\/ul>\n<p>Nous recevons plus d&rsquo;une centaine de demandes de commandite chaque ann\u00e9e. Centraliser les informations au m\u00eame endroit est essentiel afin de pouvoir analyser chaque projet avec rigueur et transparence.<\/p>\n<p>Toute demande de commandite doit obligatoirement \u00eatre soumise via ce formulaire. Les demandes transmises par courriel, message priv\u00e9 ou tout autre canal ne pourront malheureusement pas \u00eatre consid\u00e9r\u00e9es.<\/p>\n<p><strong>Analyse des demandes<\/strong><\/p>\n<p>Toutes les demandes sont analys\u00e9es de fa\u00e7on p\u00e9riodique. Si votre projet est retenu, un membre de notre \u00e9quipe communiquera avec vous par courriel. Veuillez noter que le d\u00e9p\u00f4t d\u2019une demande ne garantit pas l\u2019octroi d\u2019une commandite.<\/p>\n<div>\n<p class=\"\" data-start=\"1347\" data-end=\"1471\"><a style=\"display: inline-block; background-color: #ffd700; color: white; padding: 10px 20px; text-decoration: none; border-radius: 5px; font-weight: bold;\" href=\"https:\/\/docs.google.com\/forms\/d\/e\/1FAIpQLSd9G1UGooifhppLjwn5lmrsv-UXCv_5tas4wpGGSnBBCVJh0Q\/viewform?usp=preview\" target=\"_blank\" rel=\"noopener\"><strong>Remplir une demande<\/strong><\/a><\/p>\n<div style=\"display: flex; flex-wrap: wrap;\">\n<div><\/div>\n<div><\/div>\n<div><\/div>\n<div style=\"flex: 1 1 50%; padding: 0 20px; box-sizing: border-box;\"><\/div>\n<\/div>\n<div>Nous vous remercions de votre int\u00e9r\u00eat envers notre entreprise et pour votre engagement au sein de votre communaut\u00e9.<\/div>\n<\/div>\n","protected":false},"excerpt":{"rendered":"<p>Demande de commandite Chaque ann\u00e9e, nous recevons un grand nombre de demandes de commandite provenant d\u2019organismes, d\u2019\u00e9v\u00e9nements et de projets vari\u00e9s. Afin d\u2019assurer une gestion \u00e9quitable, coh\u00e9rente et efficace de toutes les demandes entrantes, nous avons mis en place un formulaire unique de demande de commandite. Ce processus nous permet de recueillir, d\u00e8s le d\u00e9part, &hellip; <a href=\"https:\/\/www.andrehalle.com\/fr\/commandites\/\">Suite<\/a><\/p>\n","protected":false},"author":1,"featured_media":0,"parent":0,"menu_order":0,"comment_status":"closed","ping_status":"closed","template":"","meta":[],"acf":{"contact_form_custom_form_id":false,"contact_form_custom_html_id":""},"_links":{"self":[{"href":"https:\/\/www.andrehalle.com\/fr\/wp-json\/wp\/v2\/pages\/35289"}],"collection":[{"href":"https:\/\/www.andrehalle.com\/fr\/wp-json\/wp\/v2\/pages"}],"about":[{"href":"https:\/\/www.andrehalle.com\/fr\/wp-json\/wp\/v2\/types\/page"}],"author":[{"embeddable":true,"href":"https:\/\/www.andrehalle.com\/fr\/wp-json\/wp\/v2\/users\/1"}],"replies":[{"embeddable":true,"href":"https:\/\/www.andrehalle.com\/fr\/wp-json\/wp\/v2\/comments?post=35289"}],"version-history":[{"count":9,"href":"https:\/\/www.andrehalle.com\/fr\/wp-json\/wp\/v2\/pages\/35289\/revisions"}],"predecessor-version":[{"id":35632,"href":"https:\/\/www.andrehalle.com\/fr\/wp-json\/wp\/v2\/pages\/35289\/revisions\/35632"}],"wp:attachment":[{"href":"https:\/\/www.andrehalle.com\/fr\/wp-json\/wp\/v2\/media?parent=35289"}],"curies":[{"name":"wp","href":"https:\/\/api.w.org\/{rel}","templated":true}]}}