{"id":547,"date":"2017-11-14T19:21:29","date_gmt":"2017-11-14T19:21:29","guid":{"rendered":"http:\/\/wp-master-powergo.eliappwordpress1sto.elisys-servers.ca\/carrieres\/"},"modified":"2025-04-02T14:45:42","modified_gmt":"2025-04-02T18:45:42","slug":"carrieres","status":"publish","type":"page","link":"https:\/\/www.andrehalle.com\/fr\/carrieres\/","title":{"rendered":"Carri\u00e8res et offres d\u2019emploi"},"content":{"rendered":"<h2>Notre personnel : La principale force de Andr\u00e9 Hall\u00e9 et Fils<\/h2>\n<p>\u00c0 la recherche de votre prochaine <strong>opportunit\u00e9 professionnelle<\/strong>? Vous souhaitez relever de nouveaux d\u00e9fis au sein d\u2019une \u00e9quipe dynamique? \u00cates-vous passionn\u00e9 de <strong>sport motoris\u00e9<\/strong> et souhaitez offrir le meilleur service \u00e0 la client\u00e8le? Votre place est chez <strong>Andr\u00e9 Hall\u00e9 et Fils<\/strong>!<\/p>\n<div class=\"textMore mobile\">\n<p>Andr\u00e9 Hall\u00e9 et Fils fait un effort constant afin d\u2019offrir un milieu de travail stable au sein duquel ses employ\u00e9s s\u2019\u00e9panouissent et se sentent valoris\u00e9s. Les diff\u00e9rentes exp\u00e9riences, les comp\u00e9tences et l\u2019apport crucial de chaque membre de l\u2019\u00e9quipe contribuent \u00e0 un <strong>environnement stimulant et diversifi\u00e9<\/strong>. C\u2019est pourquoi nous sommes toujours \u00e0 la recherche de nouveaux talents!<\/p>\n<p>Consultez nos offres d\u2019emploi et voyez si le poste id\u00e9al pour vous s\u2019y trouve! Vous ne rep\u00e9rez pas l\u2019emploi de vos r\u00eaves et croyez \u00eatre la perle rare? Nous sommes ouverts aux candidatures spontan\u00e9es.<\/p>\n<p>Faites partie de notre \u00e9quipe!<\/p>\n<\/div>\n","protected":false},"excerpt":{"rendered":"<p>Notre personnel : La principale force de Andr\u00e9 Hall\u00e9 et Fils \u00c0 la recherche de votre prochaine opportunit\u00e9 professionnelle? Vous souhaitez relever de nouveaux d\u00e9fis au sein d\u2019une \u00e9quipe dynamique? \u00cates-vous passionn\u00e9 de sport motoris\u00e9 et souhaitez offrir le meilleur service \u00e0 la client\u00e8le? Votre place est chez Andr\u00e9 Hall\u00e9 et Fils! Andr\u00e9 Hall\u00e9 et &hellip; <a href=\"https:\/\/www.andrehalle.com\/fr\/carrieres\/\">Suite<\/a><\/p>\n","protected":false},"author":1,"featured_media":0,"parent":0,"menu_order":0,"comment_status":"closed","ping_status":"closed","template":"template-listing-career.php","meta":[],"acf":{"content_featured_type":"","contact_form_custom_form_id":false,"contact_form_custom_html_id":""},"_links":{"self":[{"href":"https:\/\/www.andrehalle.com\/fr\/wp-json\/wp\/v2\/pages\/547"}],"collection":[{"href":"https:\/\/www.andrehalle.com\/fr\/wp-json\/wp\/v2\/pages"}],"about":[{"href":"https:\/\/www.andrehalle.com\/fr\/wp-json\/wp\/v2\/types\/page"}],"author":[{"embeddable":true,"href":"https:\/\/www.andrehalle.com\/fr\/wp-json\/wp\/v2\/users\/1"}],"replies":[{"embeddable":true,"href":"https:\/\/www.andrehalle.com\/fr\/wp-json\/wp\/v2\/comments?post=547"}],"version-history":[{"count":5,"href":"https:\/\/www.andrehalle.com\/fr\/wp-json\/wp\/v2\/pages\/547\/revisions"}],"predecessor-version":[{"id":30311,"href":"https:\/\/www.andrehalle.com\/fr\/wp-json\/wp\/v2\/pages\/547\/revisions\/30311"}],"wp:attachment":[{"href":"https:\/\/www.andrehalle.com\/fr\/wp-json\/wp\/v2\/media?parent=547"}],"curies":[{"name":"wp","href":"https:\/\/api.w.org\/{rel}","templated":true}]}}